{"id":15,"date":"2024-06-07T14:12:40","date_gmt":"2024-06-07T14:12:40","guid":{"rendered":"https:\/\/ingvildsmorvik.com\/?page_id=15"},"modified":"2024-06-10T09:07:14","modified_gmt":"2024-06-10T09:07:14","slug":"om-ingvild","status":"publish","type":"page","link":"https:\/\/ingvildsmorvik.com\/index.php\/om-ingvild\/","title":{"rendered":"Om Ingvild"},"content":{"rendered":"<div class=\"wp-block-image\">\n<figure class=\"alignright size-large is-resized\"><img loading=\"lazy\" decoding=\"async\" width=\"809\" height=\"1024\" src=\"https:\/\/ingvildsmorvik.com\/wp-content\/uploads\/2024\/06\/ingvild-809x1024.jpg\" alt=\"\" class=\"wp-image-23\" style=\"width:245px;height:auto\" srcset=\"https:\/\/ingvildsmorvik.com\/wp-content\/uploads\/2024\/06\/ingvild-809x1024.jpg 809w, https:\/\/ingvildsmorvik.com\/wp-content\/uploads\/2024\/06\/ingvild-237x300.jpg 237w, https:\/\/ingvildsmorvik.com\/wp-content\/uploads\/2024\/06\/ingvild-768x972.jpg 768w, https:\/\/ingvildsmorvik.com\/wp-content\/uploads\/2024\/06\/ingvild.jpg 854w\" sizes=\"auto, (max-width: 809px) 100vw, 809px\" \/><\/figure>\n<\/div>\n\n\n<p>Ingvild Sm\u00f8rvik, f\u00f8dt 1975, bosatt p\u00e5 V\u00e5lerenga i Oslo, oppvokst p\u00e5 Kolbotn rett s\u00f8r for byen. \u00abRosa f\u00f8kkings sl\u00f8yfe\u00bb er hennes f\u00f8rste bok. Men Ingvild har skrevet hele livet. Spaltene hennes p\u00e5 Klikk, Kamille og Kvinneguiden ga henne mange faste lesere, og spaltene ble hyppig delt.<\/p>\n\n\n\n<p>Ingvild skriver om ting mange kan kjenne seg igjen i med et skarpt, observerende blikk der humor og selvironi skinner tydelig gjennom. Men ogs\u00e5 fortvilelse og forvirring. Ingvild har mann, to barn og hunden Puffen, og jobber med mennesker i en offentlig etat. \u00abEn helt \u00e5lreit dame i sin beste alder, statlig ansatt, i verdens mest givende jobb\u00bb, sier Ingvild om seg selv.<\/p>\n\n\n\n<p>\u00abRosa f\u00f8kkings sl\u00f8yfe, avdeling V\u00e5lerenga\u00bb startet som innlegg i en lukket Facebook-gruppe. Boka er en slags remiks xxl-versjon med VIP-pass og gjesteplass til Ingvilds opplevelser og erfaringer.<\/p>\n\n\n\n<p>Ingvild elsker elefanter, b\u00f8ker, lange turer, kaffe, \u00e5 bade og rockemusikk. S\u00e6rlig svensk og norsk musikk. For \u00e5 lese noen av Ingvilds spalter, se her:<\/p>\n\n\n\n<p><a href=\"http:\/\/www.klikk.no\/kvinneguiden\/kommentarer\/manglende-impulskontroll-1711575.ece\" target=\"_blank\" rel=\"noopener\">http:\/\/www.klikk.no\/kvinneguiden\/kommentarer\/manglende-impulskontroll-1711575.ece<\/a><br><a href=\"https:\/\/www.klikk.no\/kvinneguiden\/kommentarer\/gravid-pa-kvinnedagen-2259524\" target=\"_blank\" rel=\"noopener\">https:\/\/www.klikk.no\/kvinneguiden\/kommentarer\/gravid-pa-kvinnedagen-2259524<\/a><br><a href=\"https:\/\/www.klikk.no\/kvinneguiden\/kommentarer\/hvor-syk-blir-du-av-influensa-2244616\" target=\"_blank\" rel=\"noopener\">https:\/\/www.klikk.no\/kvinneguiden\/kommentarer\/hvor-syk-blir-du-av-influensa-2244616<\/a><br><a href=\"http:\/\/www.klikk.no\/kvinneguiden\/kommentarer\/rutinemennesker-1687526.ece\" target=\"_blank\" rel=\"noopener\">http:\/\/www.klikk.no\/kvinneguiden\/kommentarer\/rutinemennesker-1687526.ece<\/a><br><a href=\"https:\/\/www.klikk.no\/kvinneguiden\/kommentarer\/fordeler-ved-a-bli-40-2232025\" target=\"_blank\" rel=\"noopener\">https:\/\/www.klikk.no\/kvinneguiden\/kommentarer\/fordeler-ved-a-bli-40-2232025<\/a><br><a href=\"https:\/\/www.klikk.no\/foreldre\/barn\/hyllest-til-alle-som-stresser-for-jul-2253949\" target=\"_blank\" rel=\"noopener\">https:\/\/www.klikk.no\/foreldre\/barn\/hyllest-til-alle-som-stresser-for-jul-2253949<\/a><br><a href=\"http:\/\/www.klikk.no\/kvinneguiden\/kommentarer\/hvordan-vise-medmenneskelighet-1703152.ece\" target=\"_blank\" rel=\"noopener\">http:\/\/www.klikk.no\/kvinneguiden\/kommentarer\/hvordan-vise-medmenneskelighet-1703152.ece<\/a><\/p>\n","protected":false},"excerpt":{"rendered":"<p>Ingvild Sm\u00f8rvik, f\u00f8dt 1975, bosatt p\u00e5 V\u00e5lerenga i Oslo, oppvokst p\u00e5 Kolbotn rett s\u00f8r for byen. \u00abRosa f\u00f8kkings sl\u00f8yfe\u00bb er hennes f\u00f8rste bok. Men Ingvild har skrevet hele livet. Spaltene hennes p\u00e5 Klikk, Kamille og Kvinneguiden ga henne mange faste lesere, og spaltene ble hyppig delt. Ingvild skriver om ting mange kan kjenne seg igjen &#8230; <a title=\"Om Ingvild\" class=\"read-more\" href=\"https:\/\/ingvildsmorvik.com\/index.php\/om-ingvild\/\" aria-label=\"Read more about Om Ingvild\">Read more<\/a><\/p>\n","protected":false},"author":1,"featured_media":0,"parent":0,"menu_order":0,"comment_status":"closed","ping_status":"closed","template":"","meta":{"footnotes":""},"class_list":["post-15","page","type-page","status-publish"],"_links":{"self":[{"href":"https:\/\/ingvildsmorvik.com\/index.php\/wp-json\/wp\/v2\/pages\/15","targetHints":{"allow":["GET"]}}],"collection":[{"href":"https:\/\/ingvildsmorvik.com\/index.php\/wp-json\/wp\/v2\/pages"}],"about":[{"href":"https:\/\/ingvildsmorvik.com\/index.php\/wp-json\/wp\/v2\/types\/page"}],"author":[{"embeddable":true,"href":"https:\/\/ingvildsmorvik.com\/index.php\/wp-json\/wp\/v2\/users\/1"}],"replies":[{"embeddable":true,"href":"https:\/\/ingvildsmorvik.com\/index.php\/wp-json\/wp\/v2\/comments?post=15"}],"version-history":[{"count":9,"href":"https:\/\/ingvildsmorvik.com\/index.php\/wp-json\/wp\/v2\/pages\/15\/revisions"}],"predecessor-version":[{"id":43,"href":"https:\/\/ingvildsmorvik.com\/index.php\/wp-json\/wp\/v2\/pages\/15\/revisions\/43"}],"wp:attachment":[{"href":"https:\/\/ingvildsmorvik.com\/index.php\/wp-json\/wp\/v2\/media?parent=15"}],"curies":[{"name":"wp","href":"https:\/\/api.w.org\/{rel}","templated":true}]}}