{"id":17,"date":"2024-06-07T14:13:19","date_gmt":"2024-06-07T14:13:19","guid":{"rendered":"https:\/\/ingvildsmorvik.com\/?page_id=17"},"modified":"2024-12-08T18:50:45","modified_gmt":"2024-12-08T18:50:45","slug":"forhandskjop-bok","status":"publish","type":"page","link":"https:\/\/ingvildsmorvik.com\/index.php\/forhandskjop-bok\/","title":{"rendered":"Kj\u00f8p boka"},"content":{"rendered":"<div class=\"wp-block-image\">\n<figure class=\"alignleft size-full\"><img loading=\"lazy\" decoding=\"async\" width=\"200\" height=\"259\" src=\"https:\/\/ingvildsmorvik.com\/wp-content\/uploads\/2024\/06\/book_standing2.jpg\" alt=\"\" class=\"wp-image-55\"\/><\/figure>\n<\/div>\n\n\n<p>Du kan bestille boka direkte fra forfatter.<\/p>\n\n\n\n<p>\u00c5pne Vipps og bruk nr 934092 (Sm\u00f8rviks skriverier).<\/p>\n\n\n\n<p>Bok, hentes p\u00e5 V\u00e5lerenga <mark style=\"background-color:#ffb8c1\" class=\"has-inline-color\"> <strong>kr. 299,-<\/strong><\/mark><\/p>\n\n\n\n<p>Bok, sendt i posten <mark style=\"background-color:#ffb8c1\" class=\"has-inline-color\"> <strong>kr. 356,-<\/strong><\/mark><\/p>\n\n\n\n<p>HUSK \u00c5 SKRIVE ADRESSE!<br><br>Boka kan ogs\u00e5 bestilles i alle landets bokhandler, og i de fleste nettbokhandler. <\/p>\n\n\n\n<p>Du kan ogs\u00e5 scanne QR-koden med mobilen. Da \u00e5pnes Vipps. Husk \u00e5 skrive inn adresse i meldingsfeltet. <\/p>\n\n\n<div class=\"wp-block-image\">\n<figure class=\"alignleft size-full is-resized\"><img loading=\"lazy\" decoding=\"async\" width=\"686\" height=\"629\" src=\"https:\/\/ingvildsmorvik.com\/wp-content\/uploads\/2024\/06\/QR934092-1.gif\" alt=\"\" class=\"wp-image-72\" style=\"width:210px;height:auto\"\/><\/figure>\n<\/div>\n\n\n<p>Har du sp\u00f8rsm\u00e5l, ta kontakt p\u00e5\u00a0<a href=\"mailto:ingvildsmorvik@me.com\">ingvildsmorvik@me.com<\/a>.<br><\/p>\n","protected":false},"excerpt":{"rendered":"<p>Du kan bestille boka direkte fra forfatter. \u00c5pne Vipps og bruk nr 934092 (Sm\u00f8rviks skriverier). Bok, hentes p\u00e5 V\u00e5lerenga kr. 299,- Bok, sendt i posten kr. 356,- HUSK \u00c5 SKRIVE ADRESSE! Boka kan ogs\u00e5 bestilles i alle landets bokhandler, og i de fleste nettbokhandler. Du kan ogs\u00e5 scanne QR-koden med mobilen. Da \u00e5pnes Vipps. Husk &#8230; <a title=\"Kj\u00f8p boka\" class=\"read-more\" href=\"https:\/\/ingvildsmorvik.com\/index.php\/forhandskjop-bok\/\" aria-label=\"Read more about Kj\u00f8p boka\">Read more<\/a><\/p>\n","protected":false},"author":1,"featured_media":0,"parent":0,"menu_order":0,"comment_status":"closed","ping_status":"closed","template":"","meta":{"footnotes":""},"class_list":["post-17","page","type-page","status-publish"],"_links":{"self":[{"href":"https:\/\/ingvildsmorvik.com\/index.php\/wp-json\/wp\/v2\/pages\/17","targetHints":{"allow":["GET"]}}],"collection":[{"href":"https:\/\/ingvildsmorvik.com\/index.php\/wp-json\/wp\/v2\/pages"}],"about":[{"href":"https:\/\/ingvildsmorvik.com\/index.php\/wp-json\/wp\/v2\/types\/page"}],"author":[{"embeddable":true,"href":"https:\/\/ingvildsmorvik.com\/index.php\/wp-json\/wp\/v2\/users\/1"}],"replies":[{"embeddable":true,"href":"https:\/\/ingvildsmorvik.com\/index.php\/wp-json\/wp\/v2\/comments?post=17"}],"version-history":[{"count":19,"href":"https:\/\/ingvildsmorvik.com\/index.php\/wp-json\/wp\/v2\/pages\/17\/revisions"}],"predecessor-version":[{"id":100,"href":"https:\/\/ingvildsmorvik.com\/index.php\/wp-json\/wp\/v2\/pages\/17\/revisions\/100"}],"wp:attachment":[{"href":"https:\/\/ingvildsmorvik.com\/index.php\/wp-json\/wp\/v2\/media?parent=17"}],"curies":[{"name":"wp","href":"https:\/\/api.w.org\/{rel}","templated":true}]}}